{"id":4136,"date":"2023-11-24T20:54:19","date_gmt":"2023-11-24T20:54:19","guid":{"rendered":"https:\/\/www.batikenttercume.com\/?page_id=4136"},"modified":"2024-08-29T14:25:14","modified_gmt":"2024-08-29T14:25:14","slug":"hakkimizda","status":"publish","type":"page","link":"https:\/\/www.batikenttercume.com\/en\/about-us\/","title":{"rendered":"About Us"},"content":{"rendered":"\t\t<div data-elementor-type=\"wp-page\" data-elementor-id=\"4136\" class=\"elementor elementor-4136\">\n\t\t\t\t\t\t<section class=\"elementor-section elementor-top-section elementor-element elementor-element-f22747d elementor-section-boxed elementor-section-height-default elementor-section-height-default\" data-id=\"f22747d\" data-element_type=\"section\" data-e-type=\"section\">\n\t\t\t\t\t\t<div class=\"elementor-container elementor-column-gap-default\">\n\t\t\t\t\t<div class=\"elementor-column elementor-col-100 elementor-top-column elementor-element elementor-element-4e40d0f\" data-id=\"4e40d0f\" data-element_type=\"column\" data-e-type=\"column\">\n\t\t\t<div class=\"elementor-widget-wrap elementor-element-populated\">\n\t\t\t\t\t\t<div class=\"elementor-element elementor-element-77b3d2b elementor-widget elementor-widget-heading\" data-id=\"77b3d2b\" data-element_type=\"widget\" data-e-type=\"widget\" data-widget_type=\"heading.default\">\n\t\t\t\t<div class=\"elementor-widget-container\">\n\t\t\t\t\t<h2 class=\"elementor-heading-title elementor-size-default\">Bat\u0131kent Terc\u00fcme | Kelimeleri D\u00fcnyan\u0131n Her Noktas\u0131na Ta\u015f\u0131yoruz.<\/h2>\t\t\t\t<\/div>\n\t\t\t\t<\/div>\n\t\t\t\t<div class=\"elementor-element elementor-element-eea8e4a elementor-widget elementor-widget-heading\" data-id=\"eea8e4a\" data-element_type=\"widget\" data-e-type=\"widget\" data-widget_type=\"heading.default\">\n\t\t\t\t<div class=\"elementor-widget-container\">\n\t\t\t\t\t<p class=\"elementor-heading-title elementor-size-default\">Ho\u015f Geldiniz!<\/p>\t\t\t\t<\/div>\n\t\t\t\t<\/div>\n\t\t\t\t<div class=\"elementor-element elementor-element-518a395 elementor-widget elementor-widget-heading\" data-id=\"518a395\" data-element_type=\"widget\" data-e-type=\"widget\" data-widget_type=\"heading.default\">\n\t\t\t\t<div class=\"elementor-widget-container\">\n\t\t\t\t\t<p class=\"elementor-heading-title elementor-size-default\">Bat\u0131kent Terc\u00fcme, 15 y\u0131ll\u0131k deneyimiyle, d\u00fcnya dilleri aras\u0131ndaki engelleri a\u015fma misyonuyla kurulmu\u015f bir \u00e7eviri \u015firketidir. 2008 y\u0131l\u0131ndan bu yana, m\u00fc\u015fterilerimize m\u00fckemmel terc\u00fcme hizmetleri sunma konusundaki kararl\u0131l\u0131\u011f\u0131m\u0131zla b\u00fcy\u00fcmekteyiz.<\/p>\t\t\t\t<\/div>\n\t\t\t\t<\/div>\n\t\t\t\t<div class=\"elementor-element elementor-element-333bdcc elementor-widget elementor-widget-heading\" data-id=\"333bdcc\" data-element_type=\"widget\" data-e-type=\"widget\" data-widget_type=\"heading.default\">\n\t\t\t\t<div class=\"elementor-widget-container\">\n\t\t\t\t\t<h2 class=\"elementor-heading-title elementor-size-default\">Deneyim ve Kalite<\/h2>\t\t\t\t<\/div>\n\t\t\t\t<\/div>\n\t\t\t\t<div class=\"elementor-element elementor-element-ac60fac elementor-widget elementor-widget-heading\" data-id=\"ac60fac\" data-element_type=\"widget\" data-e-type=\"widget\" data-widget_type=\"heading.default\">\n\t\t\t\t<div class=\"elementor-widget-container\">\n\t\t\t\t\t<p class=\"elementor-heading-title elementor-size-default\">15 y\u0131ll\u0131k deneyimimiz, dil \u00e7evirisi alan\u0131nda uzmanla\u015fmam\u0131za ve kaliteyi her zaman \u00f6ncelik haline getirmemize olanak tan\u0131m\u0131\u015ft\u0131r. Bat\u0131kent Terc\u00fcme, m\u00fc\u015fterilerine y\u00fcksek kaliteli, do\u011fru ve g\u00fcvenilir terc\u00fcme hizmetleri sunma taahh\u00fcd\u00fcyle bilinir. Profesyonel terc\u00fcmanlar\u0131m\u0131z, dilin inceliklerini anlamalar\u0131, \u00f6zel uzmanl\u0131k alanlar\u0131na sahip olmalar\u0131 ve i\u015finizi en iyi \u015fekilde temsil etmeleri i\u00e7in e\u011fitilmi\u015flerdir.<\/p>\t\t\t\t<\/div>\n\t\t\t\t<\/div>\n\t\t\t\t<div class=\"elementor-element elementor-element-cb57375 elementor-widget elementor-widget-heading\" data-id=\"cb57375\" data-element_type=\"widget\" data-e-type=\"widget\" data-widget_type=\"heading.default\">\n\t\t\t\t<div class=\"elementor-widget-container\">\n\t\t\t\t\t<h2 class=\"elementor-heading-title elementor-size-default\">\u0130\u015f Ortakl\u0131\u011f\u0131 ve G\u00fcven\n<\/h2>\t\t\t\t<\/div>\n\t\t\t\t<\/div>\n\t\t\t\t<div class=\"elementor-element elementor-element-53aa330 elementor-widget elementor-widget-heading\" data-id=\"53aa330\" data-element_type=\"widget\" data-e-type=\"widget\" data-widget_type=\"heading.default\">\n\t\t\t\t<div class=\"elementor-widget-container\">\n\t\t\t\t\t<p class=\"elementor-heading-title elementor-size-default\">Bat\u0131kent Terc\u00fcme, ulusal ve uluslararas\u0131 bir\u00e7ok firma ile g\u00fc\u00e7l\u00fc i\u015f ortakl\u0131klar\u0131 kurmu\u015f ve s\u00fcrd\u00fcrmektedir. M\u00fc\u015fterilerimizin ihtiya\u00e7lar\u0131na \u00f6zel \u00e7\u00f6z\u00fcmler sunarak i\u015flerini b\u00fcy\u00fctmelerine yard\u0131mc\u0131 oluruz. Bizimle \u00e7al\u0131\u015f\u0131rken, g\u00fcvenilirlik, d\u00fcr\u00fcstl\u00fck ve \u015feffafl\u0131k konular\u0131nda kesintisiz bir deneyim ya\u015fayacaks\u0131n\u0131z.\n<\/p>\t\t\t\t<\/div>\n\t\t\t\t<\/div>\n\t\t\t\t<div class=\"elementor-element elementor-element-bff1b7e elementor-widget elementor-widget-heading\" data-id=\"bff1b7e\" data-element_type=\"widget\" data-e-type=\"widget\" data-widget_type=\"heading.default\">\n\t\t\t\t<div class=\"elementor-widget-container\">\n\t\t\t\t\t<h2 class=\"elementor-heading-title elementor-size-default\">M\u00fc\u015fteri Memnuniyeti\n<\/h2>\t\t\t\t<\/div>\n\t\t\t\t<\/div>\n\t\t\t\t<div class=\"elementor-element elementor-element-e787e1b elementor-widget elementor-widget-heading\" data-id=\"e787e1b\" data-element_type=\"widget\" data-e-type=\"widget\" data-widget_type=\"heading.default\">\n\t\t\t\t<div class=\"elementor-widget-container\">\n\t\t\t\t\t<p class=\"elementor-heading-title elementor-size-default\">M\u00fc\u015fteri memnuniyeti, i\u015fimizin temel ta\u015f\u0131d\u0131r. Her m\u00fc\u015fteri, ihtiya\u00e7lar\u0131na \u00f6zel bir \u00e7\u00f6z\u00fcm sunarak memnun edilir. Siz de\u011ferli m\u00fc\u015fterilerimizin geri bildirimlerini \u00f6nemser ve hizmetlerimizi s\u00fcrekli olarak geli\u015ftirmek i\u00e7in \u00e7al\u0131\u015f\u0131r\u0131z.\n<\/p>\t\t\t\t<\/div>\n\t\t\t\t<\/div>\n\t\t\t\t<div class=\"elementor-element elementor-element-779db0c elementor-widget elementor-widget-heading\" data-id=\"779db0c\" data-element_type=\"widget\" data-e-type=\"widget\" data-widget_type=\"heading.default\">\n\t\t\t\t<div class=\"elementor-widget-container\">\n\t\t\t\t\t<p class=\"elementor-heading-title elementor-size-default\">Bat\u0131kent Terc\u00fcme olarak, d\u00fcnya genelinde diller aras\u0131ndaki k\u00f6pr\u00fcleri kurma konusundaki taahh\u00fcd\u00fcm\u00fczden gurur duyuyoruz. Bize g\u00fcvendi\u011finiz i\u00e7in te\u015fekk\u00fcr ederiz ve i\u015fbirli\u011fi yapma f\u0131rsat\u0131 i\u00e7in sab\u0131rs\u0131zlan\u0131yoruz.\n<\/p>\t\t\t\t<\/div>\n\t\t\t\t<\/div>\n\t\t\t\t<div class=\"elementor-element elementor-element-a552199 elementor-widget elementor-widget-heading\" data-id=\"a552199\" data-element_type=\"widget\" data-e-type=\"widget\" data-widget_type=\"heading.default\">\n\t\t\t\t<div class=\"elementor-widget-container\">\n\t\t\t\t\t<h2 class=\"elementor-heading-title elementor-size-default\">\u0130leti\u015fim<\/h2>\t\t\t\t<\/div>\n\t\t\t\t<\/div>\n\t\t\t\t<div class=\"elementor-element elementor-element-672bcf2 elementor-widget elementor-widget-heading\" data-id=\"672bcf2\" data-element_type=\"widget\" data-e-type=\"widget\" data-widget_type=\"heading.default\">\n\t\t\t\t<div class=\"elementor-widget-container\">\n\t\t\t\t\t<p class=\"elementor-heading-title elementor-size-default\">Siz de\u011ferli m\u00fc\u015fterilerimizle yak\u0131n bir ili\u015fki kurmay\u0131 \u00f6nemsiyoruz. Herhangi bir soru veya geri bildiriminiz varsa, l\u00fctfen [\u0130leti\u015fim Bilgileri] \u00fczerinden bizimle ileti\u015fime ge\u00e7mekten \u00e7ekinmeyin.<\/p>\t\t\t\t<\/div>\n\t\t\t\t<\/div>\n\t\t\t\t<div class=\"elementor-element elementor-element-e52fc14 elementor-widget elementor-widget-heading\" data-id=\"e52fc14\" data-element_type=\"widget\" data-e-type=\"widget\" data-widget_type=\"heading.default\">\n\t\t\t\t<div class=\"elementor-widget-container\">\n\t\t\t\t\t<p class=\"elementor-heading-title elementor-size-default\">Sayg\u0131lar\u0131m\u0131zla,<br>\nBat\u0131kent Terc\u00fcme.\n<\/p>\t\t\t\t<\/div>\n\t\t\t\t<\/div>\n\t\t\t\t\t<\/div>\n\t\t<\/div>\n\t\t\t\t\t<\/div>\n\t\t<\/section>\n\t\t\t\t<\/div>\n\t\t","protected":false},"excerpt":{"rendered":"<p>Bat\u0131kent Terc\u00fcme | Kelimeleri D\u00fcnyan\u0131n Her Noktas\u0131na Ta\u015f\u0131yoruz. Ho\u015f Geldiniz! Bat\u0131kent Terc\u00fcme, 15 y\u0131ll\u0131k deneyimiyle, d\u00fcnya dilleri aras\u0131ndaki engelleri a\u015fma misyonuyla kurulmu\u015f bir \u00e7eviri \u015firketidir. 2008 y\u0131l\u0131ndan bu yana, m\u00fc\u015fterilerimize m\u00fckemmel terc\u00fcme hizmetleri sunma konusundaki kararl\u0131l\u0131\u011f\u0131m\u0131zla b\u00fcy\u00fcmekteyiz. Deneyim ve Kalite 15 y\u0131ll\u0131k deneyimimiz, dil \u00e7evirisi alan\u0131nda uzmanla\u015fmam\u0131za ve kaliteyi her zaman \u00f6ncelik haline getirmemize olanak [&hellip;]<\/p>\n","protected":false},"author":1,"featured_media":4044,"parent":0,"menu_order":0,"comment_status":"closed","ping_status":"closed","template":"elementor_header_footer","meta":{"om_disable_all_campaigns":false,"_monsterinsights_skip_tracking":false,"_monsterinsights_sitenote_active":false,"_monsterinsights_sitenote_note":"","_monsterinsights_sitenote_category":0,"_joinchat":[],"footnotes":""},"class_list":["post-4136","page","type-page","status-publish","has-post-thumbnail","hentry"],"aioseo_notices":[],"_links":{"self":[{"href":"https:\/\/www.batikenttercume.com\/en\/wp-json\/wp\/v2\/pages\/4136","targetHints":{"allow":["GET"]}}],"collection":[{"href":"https:\/\/www.batikenttercume.com\/en\/wp-json\/wp\/v2\/pages"}],"about":[{"href":"https:\/\/www.batikenttercume.com\/en\/wp-json\/wp\/v2\/types\/page"}],"author":[{"embeddable":true,"href":"https:\/\/www.batikenttercume.com\/en\/wp-json\/wp\/v2\/users\/1"}],"replies":[{"embeddable":true,"href":"https:\/\/www.batikenttercume.com\/en\/wp-json\/wp\/v2\/comments?post=4136"}],"version-history":[{"count":19,"href":"https:\/\/www.batikenttercume.com\/en\/wp-json\/wp\/v2\/pages\/4136\/revisions"}],"predecessor-version":[{"id":4164,"href":"https:\/\/www.batikenttercume.com\/en\/wp-json\/wp\/v2\/pages\/4136\/revisions\/4164"}],"wp:featuredmedia":[{"embeddable":true,"href":"https:\/\/www.batikenttercume.com\/en\/wp-json\/wp\/v2\/media\/4044"}],"wp:attachment":[{"href":"https:\/\/www.batikenttercume.com\/en\/wp-json\/wp\/v2\/media?parent=4136"}],"curies":[{"name":"wp","href":"https:\/\/api.w.org\/{rel}","templated":true}]}}